{"id":2,"date":"2024-04-25T14:02:05","date_gmt":"2024-04-25T14:02:05","guid":{"rendered":"http:\/\/niemy.art\/?page_id=2"},"modified":"2025-05-12T10:18:04","modified_gmt":"2025-05-12T10:18:04","slug":"o-zespole","status":"publish","type":"page","link":"https:\/\/niemy.art\/index.php\/o-zespole\/","title":{"rendered":"O zespole"},"content":{"rendered":"\t\t<div data-elementor-type=\"wp-page\" data-elementor-id=\"2\" class=\"elementor elementor-2\">\n\t\t\t\t<div class=\"elementor-element elementor-element-5f3c757b e-flex e-con-boxed e-con e-parent\" data-id=\"5f3c757b\" data-element_type=\"container\" data-e-type=\"container\">\n\t\t\t\t\t<div class=\"e-con-inner\">\n\t\t\t\t<div class=\"elementor-element elementor-element-673bba58 elementor-widget elementor-widget-text-editor\" data-id=\"673bba58\" data-element_type=\"widget\" data-e-type=\"widget\" data-widget_type=\"text-editor.default\">\n\t\t\t\t<div class=\"elementor-widget-container\">\n\t\t\t\t\t\t\t\t\t<p><strong>&#8222;niemy&#8221;<\/strong> powsta\u0142 we wrze\u015bniu 2022 roku w Zaniemy\u015blu. Pocz\u0105tkowo<br \/>tworzyli go Mateusz Jaszkiewicz i Tomasz Bittner. Drogi tr\u0119bacza i<br \/>perkusisty ju\u017c wcze\u015bniej si\u0119 splata\u0142y w rozmaitych okoliczno\u015bciach<br \/>muzycznych. Dzi\u0119ki uprzejmo\u015bci Zarz\u0105du OSP Zaniemy\u015bl i aprobacie<br \/>lokalnych w\u0142odarzy udost\u0119pnione zosta\u0142o miejsce, w kt\u00f3rym &#8222;niemy&#8221;<br \/>rozpocz\u0105\u0142 muzyczn\u0105 przygod\u0119.<\/p>\t\t\t\t\t\t\t\t<\/div>\n\t\t\t\t<\/div>\n\t\t\t\t<div class=\"elementor-element elementor-element-3459bf4 elementor-widget elementor-widget-text-editor\" data-id=\"3459bf4\" data-element_type=\"widget\" data-e-type=\"widget\" data-widget_type=\"text-editor.default\">\n\t\t\t\t<div class=\"elementor-widget-container\">\n\t\t\t\t\t\t\t\t\t<p>Sk\u0142ad kwintetu:<\/p><p>Mateusz Jaszkiewicz &#8211; tr\u0105bka, flugelhorn, kornet<br \/>Fascynat jazzu; zw\u0142aszcza ekspresyjnego stylu rebop, kt\u00f3ry da\u0142<br \/>podwaliny nowoczesnej formie tej muzyki. Inspiracje czerpie z \u017cycia<br \/>codziennego i obcowania z natur\u0105. Nad wyraz ceni polsk\u0105 muzyk\u0119 lat<br \/>60 i 70.<\/p>\t\t\t\t\t\t\t\t<\/div>\n\t\t\t\t<\/div>\n\t\t\t\t\t<\/div>\n\t\t\t\t<\/div>\n\t\t<div class=\"elementor-element elementor-element-c82eee2 e-flex e-con-boxed e-con e-parent\" data-id=\"c82eee2\" data-element_type=\"container\" data-e-type=\"container\">\n\t\t\t\t\t<div class=\"e-con-inner\">\n\t\t\t\t<div class=\"elementor-element elementor-element-516a7b5 elementor-widget elementor-widget-image\" data-id=\"516a7b5\" data-element_type=\"widget\" data-e-type=\"widget\" data-widget_type=\"image.default\">\n\t\t\t\t<div class=\"elementor-widget-container\">\n\t\t\t\t\t\t\t\t\t\t\t\t\t\t\t<img fetchpriority=\"high\" decoding=\"async\" width=\"768\" height=\"694\" src=\"https:\/\/niemy.art\/wp-content\/uploads\/2024\/05\/mateuszj-768x694.jpg\" class=\"attachment-medium_large size-medium_large wp-image-44\" alt=\"\" srcset=\"https:\/\/niemy.art\/wp-content\/uploads\/2024\/05\/mateuszj-768x694.jpg 768w, https:\/\/niemy.art\/wp-content\/uploads\/2024\/05\/mateuszj-300x271.jpg 300w, https:\/\/niemy.art\/wp-content\/uploads\/2024\/05\/mateuszj-1024x926.jpg 1024w, https:\/\/niemy.art\/wp-content\/uploads\/2024\/05\/mateuszj-730x660.jpg 730w, https:\/\/niemy.art\/wp-content\/uploads\/2024\/05\/mateuszj.jpg 1428w\" sizes=\"(max-width: 768px) 100vw, 768px\" \/>\t\t\t\t\t\t\t\t\t\t\t\t\t\t\t<\/div>\n\t\t\t\t<\/div>\n\t\t\t\t\t<\/div>\n\t\t\t\t<\/div>\n\t\t<div class=\"elementor-element elementor-element-07cc464 e-flex e-con-boxed e-con e-parent\" data-id=\"07cc464\" data-element_type=\"container\" data-e-type=\"container\">\n\t\t\t\t\t<div class=\"e-con-inner\">\n\t\t\t\t\t<\/div>\n\t\t\t\t<\/div>\n\t\t<div class=\"elementor-element elementor-element-c47f5be e-flex e-con-boxed e-con e-parent\" data-id=\"c47f5be\" data-element_type=\"container\" data-e-type=\"container\">\n\t\t\t\t\t<div class=\"e-con-inner\">\n\t\t\t\t<div class=\"elementor-element elementor-element-8f9693a elementor-widget elementor-widget-text-editor\" data-id=\"8f9693a\" data-element_type=\"widget\" data-e-type=\"widget\" data-widget_type=\"text-editor.default\">\n\t\t\t\t<div class=\"elementor-widget-container\">\n\t\t\t\t\t\t\t\t\t<p>Tomasz Olechnowicz &#8211; gitara elektryczna, elektroakustyczna<br \/>Mi\u0142o\u015bnik sze\u015bciu strun; szczeg\u00f3lnie w ods\u0142onie bluesowej. Ulubiony<br \/>gatunek to surowy slow blues. Lubi po\u0142\u0105czenia r\u00f3\u017cnych styl\u00f3w<br \/>muzycznych. Ca\u0142y czas poszerza swoje muzyczne horyzonty w celu<br \/>odkrywania jeszcze nieznanego. Opr\u00f3cz zainteresowa\u0144 muzycznych,<br \/>daje si\u0119 r\u00f3wnie\u017c ponie\u015b\u0107 emocjom w \u015bwiecie filmu.<\/p>\t\t\t\t\t\t\t\t<\/div>\n\t\t\t\t<\/div>\n\t\t\t\t\t<\/div>\n\t\t\t\t<\/div>\n\t\t<div class=\"elementor-element elementor-element-96711b4 e-flex e-con-boxed e-con e-parent\" data-id=\"96711b4\" data-element_type=\"container\" data-e-type=\"container\">\n\t\t\t\t\t<div class=\"e-con-inner\">\n\t\t\t\t<div class=\"elementor-element elementor-element-3ba5d92 elementor-widget elementor-widget-image\" data-id=\"3ba5d92\" data-element_type=\"widget\" data-e-type=\"widget\" data-widget_type=\"image.default\">\n\t\t\t\t<div class=\"elementor-widget-container\">\n\t\t\t\t\t\t\t\t\t\t\t\t\t\t\t<img decoding=\"async\" width=\"605\" height=\"400\" src=\"https:\/\/niemy.art\/wp-content\/uploads\/2024\/05\/tomaszo.jpg\" class=\"attachment-large size-large wp-image-48\" alt=\"\" srcset=\"https:\/\/niemy.art\/wp-content\/uploads\/2024\/05\/tomaszo.jpg 605w, https:\/\/niemy.art\/wp-content\/uploads\/2024\/05\/tomaszo-300x198.jpg 300w\" sizes=\"(max-width: 605px) 100vw, 605px\" \/>\t\t\t\t\t\t\t\t\t\t\t\t\t\t\t<\/div>\n\t\t\t\t<\/div>\n\t\t\t\t\t<\/div>\n\t\t\t\t<\/div>\n\t\t<div class=\"elementor-element elementor-element-cd7e255 e-flex e-con-boxed e-con e-parent\" data-id=\"cd7e255\" data-element_type=\"container\" data-e-type=\"container\">\n\t\t\t\t\t<div class=\"e-con-inner\">\n\t\t\t\t\t<\/div>\n\t\t\t\t<\/div>\n\t\t<div class=\"elementor-element elementor-element-78510c3 e-flex e-con-boxed e-con e-parent\" data-id=\"78510c3\" data-element_type=\"container\" data-e-type=\"container\">\n\t\t\t\t\t<div class=\"e-con-inner\">\n\t\t\t\t<div class=\"elementor-element elementor-element-879e26b elementor-widget elementor-widget-text-editor\" data-id=\"879e26b\" data-element_type=\"widget\" data-e-type=\"widget\" data-widget_type=\"text-editor.default\">\n\t\t\t\t<div class=\"elementor-widget-container\">\n\t\t\t\t\t\t\t\t\t<p>Jakub Terka \u2013 kontrabas, gitara basowa<br \/>Od najm\u0142odszych lat uto\u017csamia si\u0119 z muzyk\u0105 metal i punk rockiem.<br \/>Wiedz\u0119 i do\u015bwiadczenie muzyczne naby\u0142 jako gitarzysta basowy w<br \/>zespole &#8222;Chwila Przerwy&#8221;. Swoje kolejne oblicze muzyczne odkry\u0142,<br \/>gdy w 2023 roku chwyci\u0142 za kontrabas. Szcz\u0119\u015bliwy m\u0105\u017c i ojciec<br \/>czw\u00f3rki dzieci. Uwielbia rodzinne muzykowanie.<\/p>\t\t\t\t\t\t\t\t<\/div>\n\t\t\t\t<\/div>\n\t\t\t\t\t<\/div>\n\t\t\t\t<\/div>\n\t\t<div class=\"elementor-element elementor-element-3f1ddef e-flex e-con-boxed e-con e-parent\" data-id=\"3f1ddef\" data-element_type=\"container\" data-e-type=\"container\">\n\t\t\t\t\t<div class=\"e-con-inner\">\n\t\t\t\t<div class=\"elementor-element elementor-element-9dea849 elementor-widget elementor-widget-image\" data-id=\"9dea849\" data-element_type=\"widget\" data-e-type=\"widget\" data-widget_type=\"image.default\">\n\t\t\t\t<div class=\"elementor-widget-container\">\n\t\t\t\t\t\t\t\t\t\t\t\t\t\t\t<img decoding=\"async\" width=\"395\" height=\"676\" src=\"https:\/\/niemy.art\/wp-content\/uploads\/2024\/05\/jakubt.jpg\" class=\"attachment-large size-large wp-image-58\" alt=\"\" srcset=\"https:\/\/niemy.art\/wp-content\/uploads\/2024\/05\/jakubt.jpg 395w, https:\/\/niemy.art\/wp-content\/uploads\/2024\/05\/jakubt-175x300.jpg 175w, https:\/\/niemy.art\/wp-content\/uploads\/2024\/05\/jakubt-386x660.jpg 386w\" sizes=\"(max-width: 395px) 100vw, 395px\" \/>\t\t\t\t\t\t\t\t\t\t\t\t\t\t\t<\/div>\n\t\t\t\t<\/div>\n\t\t\t\t\t<\/div>\n\t\t\t\t<\/div>\n\t\t<div class=\"elementor-element elementor-element-eb602e9 e-flex e-con-boxed e-con e-parent\" data-id=\"eb602e9\" data-element_type=\"container\" data-e-type=\"container\">\n\t\t\t\t\t<div class=\"e-con-inner\">\n\t\t\t\t\t<\/div>\n\t\t\t\t<\/div>\n\t\t<div class=\"elementor-element elementor-element-59c9962 e-flex e-con-boxed e-con e-parent\" data-id=\"59c9962\" data-element_type=\"container\" data-e-type=\"container\">\n\t\t\t\t\t<div class=\"e-con-inner\">\n\t\t\t\t<div class=\"elementor-element elementor-element-bbd25d7 elementor-widget elementor-widget-text-editor\" data-id=\"bbd25d7\" data-element_type=\"widget\" data-e-type=\"widget\" data-widget_type=\"text-editor.default\">\n\t\t\t\t<div class=\"elementor-widget-container\">\n\t\t\t\t\t\t\t\t\t<p>Tomasz Bittner \u2013 perkusja<br \/>Krzewiciel muzyki improwizowanej. Kolekcjoner winyli, tw\u00f3rca<br \/>instrument\u00f3w niekonwencjonalnych. Stale szuka rozwi\u0105za\u0144<br \/>awangardowych dla rozwoju. Ponadto pasjonat i posiadacz<br \/>oldskulowych motocykli. Mi\u0142o\u015bnik przyrody.<\/p>\t\t\t\t\t\t\t\t<\/div>\n\t\t\t\t<\/div>\n\t\t\t\t\t<\/div>\n\t\t\t\t<\/div>\n\t\t<div class=\"elementor-element elementor-element-800e02c e-flex e-con-boxed e-con e-parent\" data-id=\"800e02c\" data-element_type=\"container\" data-e-type=\"container\">\n\t\t\t\t\t<div class=\"e-con-inner\">\n\t\t\t\t<div class=\"elementor-element elementor-element-0bb9146 elementor-widget elementor-widget-image\" data-id=\"0bb9146\" data-element_type=\"widget\" data-e-type=\"widget\" data-widget_type=\"image.default\">\n\t\t\t\t<div class=\"elementor-widget-container\">\n\t\t\t\t\t\t\t\t\t\t\t\t\t\t\t<img loading=\"lazy\" decoding=\"async\" width=\"768\" height=\"542\" src=\"https:\/\/niemy.art\/wp-content\/uploads\/2024\/05\/tomaszb-768x542.jpg\" class=\"attachment-medium_large size-medium_large wp-image-59\" alt=\"\" srcset=\"https:\/\/niemy.art\/wp-content\/uploads\/2024\/05\/tomaszb-768x542.jpg 768w, https:\/\/niemy.art\/wp-content\/uploads\/2024\/05\/tomaszb-300x212.jpg 300w, https:\/\/niemy.art\/wp-content\/uploads\/2024\/05\/tomaszb-1024x722.jpg 1024w, https:\/\/niemy.art\/wp-content\/uploads\/2024\/05\/tomaszb-935x660.jpg 935w, https:\/\/niemy.art\/wp-content\/uploads\/2024\/05\/tomaszb.jpg 1175w\" sizes=\"(max-width: 768px) 100vw, 768px\" \/>\t\t\t\t\t\t\t\t\t\t\t\t\t\t\t<\/div>\n\t\t\t\t<\/div>\n\t\t\t\t\t<\/div>\n\t\t\t\t<\/div>\n\t\t<div class=\"elementor-element elementor-element-30b3201 e-flex e-con-boxed e-con e-parent\" data-id=\"30b3201\" data-element_type=\"container\" data-e-type=\"container\">\n\t\t\t\t\t<div class=\"e-con-inner\">\n\t\t\t\t\t<\/div>\n\t\t\t\t<\/div>\n\t\t<div class=\"elementor-element elementor-element-fabd958 e-flex e-con-boxed e-con e-parent\" data-id=\"fabd958\" data-element_type=\"container\" data-e-type=\"container\">\n\t\t\t\t\t<div class=\"e-con-inner\">\n\t\t\t\t\t<\/div>\n\t\t\t\t<\/div>\n\t\t<div class=\"elementor-element elementor-element-c9b3c98 e-flex e-con-boxed e-con e-parent\" data-id=\"c9b3c98\" data-element_type=\"container\" data-e-type=\"container\">\n\t\t\t\t\t<div class=\"e-con-inner\">\n\t\t\t\t<div class=\"elementor-element elementor-element-eaeccf9 elementor-widget elementor-widget-text-editor\" data-id=\"eaeccf9\" data-element_type=\"widget\" data-e-type=\"widget\" data-widget_type=\"text-editor.default\">\n\t\t\t\t<div class=\"elementor-widget-container\">\n\t\t\t\t\t\t\t\t\t<p>Wies\u0142aw Chudziak<\/p><p>Swoj\u0105 przygod\u0119 z muzyk\u0105 rozpocz\u0105\u0142 w wieku 6 lat nauk\u0105 gry na fortepianie w Ognisku Muzycznym w Poznaniu.<br \/>Od najm\u0142odszych lat lubi\u0142 te\u017c wykonywa\u0107 (ze s\u0142uchu) ulubione utwory zas\u0142yszane w radio, na filmach lub koncertach.<br \/>Z czasem uczestniczy\u0142 te\u017c jako akompaniator licznych wydarze\u0144 kulturalnych, patriotycznych i wielbieniowych.<br \/>Ulubiona forma muzykowania to improwizacja w stylu jazz, blues itp.<\/p>\t\t\t\t\t\t\t\t<\/div>\n\t\t\t\t<\/div>\n\t\t\t\t\t<\/div>\n\t\t\t\t<\/div>\n\t\t<div class=\"elementor-element elementor-element-1a4d80a e-flex e-con-boxed e-con e-parent\" data-id=\"1a4d80a\" data-element_type=\"container\" data-e-type=\"container\">\n\t\t\t\t\t<div class=\"e-con-inner\">\n\t\t\t\t<div class=\"elementor-element elementor-element-aeac260 elementor-widget elementor-widget-image\" data-id=\"aeac260\" data-element_type=\"widget\" data-e-type=\"widget\" data-widget_type=\"image.default\">\n\t\t\t\t<div class=\"elementor-widget-container\">\n\t\t\t\t\t\t\t\t\t\t\t\t\t\t\t<img loading=\"lazy\" decoding=\"async\" width=\"356\" height=\"660\" src=\"https:\/\/niemy.art\/wp-content\/uploads\/2025\/05\/wch-blue-356x660.jpg\" class=\"attachment-post-thumbnail size-post-thumbnail wp-image-257\" alt=\"\" srcset=\"https:\/\/niemy.art\/wp-content\/uploads\/2025\/05\/wch-blue-356x660.jpg 356w, https:\/\/niemy.art\/wp-content\/uploads\/2025\/05\/wch-blue-162x300.jpg 162w, https:\/\/niemy.art\/wp-content\/uploads\/2025\/05\/wch-blue-552x1024.jpg 552w, https:\/\/niemy.art\/wp-content\/uploads\/2025\/05\/wch-blue-768x1424.jpg 768w, https:\/\/niemy.art\/wp-content\/uploads\/2025\/05\/wch-blue-829x1536.jpg 829w, https:\/\/niemy.art\/wp-content\/uploads\/2025\/05\/wch-blue.jpg 1079w\" sizes=\"(max-width: 356px) 100vw, 356px\" \/>\t\t\t\t\t\t\t\t\t\t\t\t\t\t\t<\/div>\n\t\t\t\t<\/div>\n\t\t\t\t\t<\/div>\n\t\t\t\t<\/div>\n\t\t\t\t<\/div>\n\t\t","protected":false},"excerpt":{"rendered":"<p>&#8222;niemy&#8221; powsta\u0142 we wrze\u015bniu 2022 roku w Zaniemy\u015blu. Pocz\u0105tkowotworzyli go Mateusz Jaszkiewicz i Tomasz Bittner. Drogi tr\u0119bacza iperkusisty ju\u017c wcze\u015bniej &hellip; <a href=\"https:\/\/niemy.art\/index.php\/o-zespole\/\" class=\"more-link\"><span class=\"more-button\">Continue Reading<span class=\"screen-reader-text\">O zespole<\/span><\/span><\/a><\/p>\n","protected":false},"author":1,"featured_media":0,"parent":0,"menu_order":1,"comment_status":"closed","ping_status":"closed","template":"","meta":{"footnotes":""},"class_list":["post-2","page","type-page","status-publish","hentry"],"_links":{"self":[{"href":"https:\/\/niemy.art\/index.php\/wp-json\/wp\/v2\/pages\/2","targetHints":{"allow":["GET"]}}],"collection":[{"href":"https:\/\/niemy.art\/index.php\/wp-json\/wp\/v2\/pages"}],"about":[{"href":"https:\/\/niemy.art\/index.php\/wp-json\/wp\/v2\/types\/page"}],"author":[{"embeddable":true,"href":"https:\/\/niemy.art\/index.php\/wp-json\/wp\/v2\/users\/1"}],"replies":[{"embeddable":true,"href":"https:\/\/niemy.art\/index.php\/wp-json\/wp\/v2\/comments?post=2"}],"version-history":[{"count":64,"href":"https:\/\/niemy.art\/index.php\/wp-json\/wp\/v2\/pages\/2\/revisions"}],"predecessor-version":[{"id":299,"href":"https:\/\/niemy.art\/index.php\/wp-json\/wp\/v2\/pages\/2\/revisions\/299"}],"wp:attachment":[{"href":"https:\/\/niemy.art\/index.php\/wp-json\/wp\/v2\/media?parent=2"}],"curies":[{"name":"wp","href":"https:\/\/api.w.org\/{rel}","templated":true}]}}