{"id":63,"date":"2024-05-27T16:13:38","date_gmt":"2024-05-27T16:13:38","guid":{"rendered":"https:\/\/niemy.art\/?page_id=63"},"modified":"2024-06-14T18:48:56","modified_gmt":"2024-06-14T18:48:56","slug":"repertuar","status":"publish","type":"page","link":"https:\/\/niemy.art\/index.php\/repertuar\/","title":{"rendered":"Repertuar"},"content":{"rendered":"\t\t<div data-elementor-type=\"wp-page\" data-elementor-id=\"63\" class=\"elementor elementor-63\">\n\t\t\t\t<div class=\"elementor-element elementor-element-3eff7b8 e-flex e-con-boxed e-con e-parent\" data-id=\"3eff7b8\" data-element_type=\"container\" data-e-type=\"container\">\n\t\t\t\t\t<div class=\"e-con-inner\">\n\t\t\t\t<div class=\"elementor-element elementor-element-1d3df6d elementor-widget elementor-widget-text-editor\" data-id=\"1d3df6d\" data-element_type=\"widget\" data-e-type=\"widget\" data-widget_type=\"text-editor.default\">\n\t\t\t\t<div class=\"elementor-widget-container\">\n\t\t\t\t\t\t\t\t\t<h6>&#8222;niemy&#8221; wyra\u017ca si\u0119 na trzy sposoby w nast\u0119puj\u0105cych ods\u0142onach:<\/h6><p>1. rozmaite utwory wykonywane we w\u0142asnych, rozbudowanych<br \/>aran\u017cacjach instrumentalnych.<\/p><p>Przyk\u0142ady to:<\/p><p><strong>B\u0104D\u0179 MOIM NATCHNIENIEM<\/strong> &#8211; z rep. A. ZAUCHA<br \/><strong>GEORGIA ON MY MIND<\/strong> &#8211; z rep. R. <strong>CHARLES<\/strong><br \/><strong>SUMMERTIME<\/strong> &#8211; z rep. G. GERSHWIN<\/p><p><strong>LAYLA<\/strong> &#8211; z rep. E. CLAPTON<br \/><strong>KILLING MY SOFTLY<\/strong> &#8211; z rep. Ch. FOX<br \/><strong>LOVE ME TENDER<\/strong> &#8211; z rep. E. PRESLEY<br \/><strong>ENGLISHMAN IN NEW YORK<\/strong> &#8211; z rep. STING<br \/><strong>STRANGERS IN THE NIGHT<\/strong> \u2013 z rep. F. SINATRA<br \/><strong>POD PAPUGAMI<\/strong> &#8211; z rep. Cz. NIEMEN<br \/><strong>ET SI TU N&#8217;EXISTAIS PAS<\/strong> &#8211; z rep. J. DASSIN<br \/><strong>JOSEPHINE<\/strong> &#8211; z rep. Ch. REA<br \/><strong>LA VIE EN ROSE<\/strong> &#8211; z rep. E. PIAF<br \/><strong>AMERICAN PATROL<\/strong> &#8211; z rep. G. MILLER<\/p><p>\u00a0<\/p><p>2. muzyka autorska \u201eniemy\u201d- bluesowa i jazzowa. Styl gry i sk\u0142ad<br \/>zespo\u0142u okre\u015blamy w zale\u017cno\u015bci od okoliczno\u015bci, miejsca i odbiorc\u00f3w.<\/p><p>\u00a0<\/p><p>3. improwizacja &#8211; realizujemy si\u0119 artystycznie dzi\u0119ki tw\u00f3rczo\u015bci, na<br \/>kt\u00f3r\u0105 wp\u0142ywa werbalny jak i emocjonalny kontakt z odbiorc\u0105.<\/p>\t\t\t\t\t\t\t\t<\/div>\n\t\t\t\t<\/div>\n\t\t\t\t\t<\/div>\n\t\t\t\t<\/div>\n\t\t\t\t<\/div>\n\t\t","protected":false},"excerpt":{"rendered":"<p>&#8222;niemy&#8221; wyra\u017ca si\u0119 na trzy sposoby w nast\u0119puj\u0105cych ods\u0142onach: 1. rozmaite utwory wykonywane we w\u0142asnych, rozbudowanycharan\u017cacjach instrumentalnych. Przyk\u0142ady to: B\u0104D\u0179 &hellip; <a href=\"https:\/\/niemy.art\/index.php\/repertuar\/\" class=\"more-link\"><span class=\"more-button\">Continue Reading<span class=\"screen-reader-text\">Repertuar<\/span><\/span><\/a><\/p>\n","protected":false},"author":1,"featured_media":0,"parent":0,"menu_order":3,"comment_status":"closed","ping_status":"closed","template":"","meta":{"footnotes":""},"class_list":["post-63","page","type-page","status-publish","hentry"],"_links":{"self":[{"href":"https:\/\/niemy.art\/index.php\/wp-json\/wp\/v2\/pages\/63","targetHints":{"allow":["GET"]}}],"collection":[{"href":"https:\/\/niemy.art\/index.php\/wp-json\/wp\/v2\/pages"}],"about":[{"href":"https:\/\/niemy.art\/index.php\/wp-json\/wp\/v2\/types\/page"}],"author":[{"embeddable":true,"href":"https:\/\/niemy.art\/index.php\/wp-json\/wp\/v2\/users\/1"}],"replies":[{"embeddable":true,"href":"https:\/\/niemy.art\/index.php\/wp-json\/wp\/v2\/comments?post=63"}],"version-history":[{"count":7,"href":"https:\/\/niemy.art\/index.php\/wp-json\/wp\/v2\/pages\/63\/revisions"}],"predecessor-version":[{"id":183,"href":"https:\/\/niemy.art\/index.php\/wp-json\/wp\/v2\/pages\/63\/revisions\/183"}],"wp:attachment":[{"href":"https:\/\/niemy.art\/index.php\/wp-json\/wp\/v2\/media?parent=63"}],"curies":[{"name":"wp","href":"https:\/\/api.w.org\/{rel}","templated":true}]}}