{"id":73,"date":"2024-05-27T16:45:22","date_gmt":"2024-05-27T16:45:22","guid":{"rendered":"https:\/\/niemy.art\/?page_id=73"},"modified":"2025-01-22T12:57:52","modified_gmt":"2025-01-22T12:57:52","slug":"nagrania-filmy-zdjecia","status":"publish","type":"page","link":"https:\/\/niemy.art\/index.php\/nagrania-filmy-zdjecia\/","title":{"rendered":"Nagrania, filmy, zdj\u0119cia"},"content":{"rendered":"\t\t<div data-elementor-type=\"wp-page\" data-elementor-id=\"73\" class=\"elementor elementor-73\">\n\t\t\t\t<div class=\"elementor-element elementor-element-79c072c8 e-flex e-con-boxed e-con e-parent\" data-id=\"79c072c8\" data-element_type=\"container\" data-e-type=\"container\">\n\t\t\t\t\t<div class=\"e-con-inner\">\n\t\t\t\t<div class=\"elementor-element elementor-element-290963d6 elementor-widget elementor-widget-text-editor\" data-id=\"290963d6\" data-element_type=\"widget\" data-e-type=\"widget\" data-widget_type=\"text-editor.default\">\n\t\t\t\t<div class=\"elementor-widget-container\">\n\t\t\t\t\t\t\t\t\t<figure class=\"wp-block-embed is-type-rich is-provider-obs-uga-osadzania wp-block-embed-obs-uga-osadzania\">\n<div class=\"wp-block-embed__wrapper\">\n<h3>Nagrania koncertowe<\/h3>\n<p>Kiedy by\u0142em ma\u0142ym ch\u0142opcem<\/p>\n<p><!--[if lt IE 9]><script>document.createElement('audio');<\/script><![endif]-->\n<audio class=\"wp-audio-shortcode\" id=\"audio-73-1\" preload=\"none\" style=\"width: 100%;\" controls=\"controls\"><source type=\"audio\/mpeg\" src=\"https:\/\/niemy.art\/wp-content\/uploads\/2024\/06\/Kiedy-bylem-malym-chlopcem.mp3?_=1\" \/><a href=\"https:\/\/niemy.art\/wp-content\/uploads\/2024\/06\/Kiedy-bylem-malym-chlopcem.mp3\">https:\/\/niemy.art\/wp-content\/uploads\/2024\/06\/Kiedy-bylem-malym-chlopcem.mp3<\/a><\/audio><\/p>\n<p>My way<\/p>\n<p><audio class=\"wp-audio-shortcode\" id=\"audio-73-2\" preload=\"none\" style=\"width: 100%;\" controls=\"controls\"><source type=\"audio\/mpeg\" src=\"https:\/\/niemy.art\/wp-content\/uploads\/2024\/06\/My-Way.mp3?_=2\" \/><a href=\"https:\/\/niemy.art\/wp-content\/uploads\/2024\/06\/My-Way.mp3\">https:\/\/niemy.art\/wp-content\/uploads\/2024\/06\/My-Way.mp3<\/a><\/audio><\/p>\n<p>Dzieci Sancheza<\/p>\n<p><audio class=\"wp-audio-shortcode\" id=\"audio-73-3\" preload=\"none\" style=\"width: 100%;\" controls=\"controls\"><source type=\"audio\/mpeg\" src=\"https:\/\/niemy.art\/wp-content\/uploads\/2024\/06\/Dzieci-Sancheza.mp3?_=3\" \/><a href=\"https:\/\/niemy.art\/wp-content\/uploads\/2024\/06\/Dzieci-Sancheza.mp3\">https:\/\/niemy.art\/wp-content\/uploads\/2024\/06\/Dzieci-Sancheza.mp3<\/a><\/audio><\/p>\n<p>Nie szukajmy nie<\/p>\n<p><audio class=\"wp-audio-shortcode\" id=\"audio-73-4\" preload=\"none\" style=\"width: 100%;\" controls=\"controls\"><source type=\"audio\/mpeg\" src=\"https:\/\/niemy.art\/wp-content\/uploads\/2024\/06\/Nie-szukajmy-nie.mp3?_=4\" \/><a href=\"https:\/\/niemy.art\/wp-content\/uploads\/2024\/06\/Nie-szukajmy-nie.mp3\">https:\/\/niemy.art\/wp-content\/uploads\/2024\/06\/Nie-szukajmy-nie.mp3<\/a><\/audio><\/p>\n<p>Summer time<\/p>\n<p><audio class=\"wp-audio-shortcode\" id=\"audio-73-5\" preload=\"none\" style=\"width: 100%;\" controls=\"controls\"><source type=\"audio\/mpeg\" src=\"https:\/\/niemy.art\/wp-content\/uploads\/2024\/06\/Summertime.mp3?_=5\" \/><a href=\"https:\/\/niemy.art\/wp-content\/uploads\/2024\/06\/Summertime.mp3\">https:\/\/niemy.art\/wp-content\/uploads\/2024\/06\/Summertime.mp3<\/a><\/audio><\/p>\n<\/div>\n<\/figure>\n<p><!-- \/wp:paragraph --><!-- wp:paragraph --><\/p>\n<h3>\u00a0<\/h3>\n<h3>Nagrane spontanicznie &#8211; kameralnie<\/h3>\n<p>\u00a0<\/p>\n<p>Killing Me Softly<\/p>\n<p><audio class=\"wp-audio-shortcode\" id=\"audio-73-6\" preload=\"none\" style=\"width: 100%;\" controls=\"controls\"><source type=\"audio\/mpeg\" src=\"https:\/\/niemy.art\/wp-content\/uploads\/2024\/06\/killing-me-softly.mp3?_=6\" \/><a href=\"https:\/\/niemy.art\/wp-content\/uploads\/2024\/06\/killing-me-softly.mp3\">https:\/\/niemy.art\/wp-content\/uploads\/2024\/06\/killing-me-softly.mp3<\/a><\/audio><\/p>\n<p>Fields Of Gold<\/p>\n<p><audio class=\"wp-audio-shortcode\" id=\"audio-73-7\" preload=\"none\" style=\"width: 100%;\" controls=\"controls\"><source type=\"audio\/mpeg\" src=\"https:\/\/niemy.art\/wp-content\/uploads\/2024\/06\/fields-of-gold.mp3?_=7\" \/><a href=\"https:\/\/niemy.art\/wp-content\/uploads\/2024\/06\/fields-of-gold.mp3\">https:\/\/niemy.art\/wp-content\/uploads\/2024\/06\/fields-of-gold.mp3<\/a><\/audio><\/p>\n<p>Ain&#8217;t no sunshine<\/p>\n<p><audio class=\"wp-audio-shortcode\" id=\"audio-73-8\" preload=\"none\" style=\"width: 100%;\" controls=\"controls\"><source type=\"audio\/mpeg\" src=\"https:\/\/niemy.art\/wp-content\/uploads\/2024\/06\/aint-no-sunshine.mp3?_=8\" \/><a href=\"https:\/\/niemy.art\/wp-content\/uploads\/2024\/06\/aint-no-sunshine.mp3\">https:\/\/niemy.art\/wp-content\/uploads\/2024\/06\/aint-no-sunshine.mp3<\/a><\/audio><\/p>\n<p>Gdy mi ciebie zabraknie<\/p>\n<p><audio class=\"wp-audio-shortcode\" id=\"audio-73-9\" preload=\"none\" style=\"width: 100%;\" controls=\"controls\"><source type=\"audio\/mpeg\" src=\"https:\/\/niemy.art\/wp-content\/uploads\/2024\/06\/gdy-mi-ciebie-zabraknie.mp3?_=9\" \/><a href=\"https:\/\/niemy.art\/wp-content\/uploads\/2024\/06\/gdy-mi-ciebie-zabraknie.mp3\">https:\/\/niemy.art\/wp-content\/uploads\/2024\/06\/gdy-mi-ciebie-zabraknie.mp3<\/a><\/audio><\/p>\n<p>Englishman<\/p>\n<p><audio class=\"wp-audio-shortcode\" id=\"audio-73-10\" preload=\"none\" style=\"width: 100%;\" controls=\"controls\"><source type=\"audio\/mpeg\" src=\"https:\/\/niemy.art\/wp-content\/uploads\/2024\/06\/Englishman.mp3?_=10\" \/><a href=\"https:\/\/niemy.art\/wp-content\/uploads\/2024\/06\/Englishman.mp3\">https:\/\/niemy.art\/wp-content\/uploads\/2024\/06\/Englishman.mp3<\/a><\/audio><\/p>\n<h3>Filmy<\/h3>\n<p><iframe title=\"24 05 18 Bia\u0142a Dama   Stranger In The Night\" width=\"990\" height=\"557\" src=\"https:\/\/www.youtube.com\/embed\/9U2cSrj5NtU?feature=oembed\" frameborder=\"0\" allow=\"accelerometer; autoplay; clipboard-write; encrypted-media; gyroscope; picture-in-picture; web-share\" referrerpolicy=\"strict-origin-when-cross-origin\" allowfullscreen><\/iframe><\/p>\n<p><!-- \/wp:paragraph --><!-- wp:paragraph --><\/p>\n<p><!-- \/wp:paragraph --><!-- wp:paragraph --><\/p>\n<h3>\u00a0<\/h3>\n<h3>Zdj\u0119cia<\/h3>\n<p><!-- \/wp:paragraph --><!-- wp:shortcode --><\/p>\n<p><div  id=\"jtg-251\" class=\"modula modula-gallery modula-creative-gallery\" data-config=\"{&quot;height&quot;:800,&quot;tabletHeight&quot;:800,&quot;mobileHeight&quot;:800,&quot;desktopHeight&quot;:800,&quot;enableTwitter&quot;:false,&quot;enableWhatsapp&quot;:false,&quot;enableFacebook&quot;:false,&quot;enablePinterest&quot;:false,&quot;enableLinkedin&quot;:false,&quot;enableEmail&quot;:false,&quot;randomFactor&quot;:0.5,&quot;type&quot;:&quot;creative-gallery&quot;,&quot;columns&quot;:12,&quot;gutter&quot;:10,&quot;mobileGutter&quot;:10,&quot;tabletGutter&quot;:10,&quot;desktopGutter&quot;:10,&quot;enableResponsive&quot;:&quot;0&quot;,&quot;tabletColumns&quot;:2,&quot;mobileColumns&quot;:1,&quot;lazyLoad&quot;:0,&quot;lightboxOpts&quot;:{&quot;animated&quot;:true,&quot;Thumbs&quot;:{&quot;type&quot;:&quot;modern&quot;,&quot;showOnStart&quot;:false},&quot;Toolbar&quot;:{&quot;display&quot;:{&quot;right&quot;:[&quot;close&quot;]},&quot;enabled&quot;:true},&quot;Carousel&quot;:{&quot;Panzoom&quot;:{&quot;touch&quot;:true},&quot;infinite&quot;:false},&quot;keyboard&quot;:{&quot;Escape&quot;:&quot;close&quot;,&quot;Delete&quot;:&quot;close&quot;,&quot;Backspace&quot;:&quot;close&quot;,&quot;PageUp&quot;:false,&quot;PageDown&quot;:false,&quot;ArrowUp&quot;:false,&quot;ArrowDown&quot;:false,&quot;ArrowRight&quot;:false,&quot;ArrowLeft&quot;:false},&quot;touch&quot;:false,&quot;backdropClick&quot;:false,&quot;l10n&quot;:{&quot;CLOSE&quot;:&quot;Zamknij&quot;,&quot;NEXT&quot;:&quot;Nast\\u0119pny&quot;,&quot;PREV&quot;:&quot;Poprzedni&quot;,&quot;Error&quot;:&quot;Nie mo\\u017cna za\\u0142adowa\\u0107 \\u017c\\u0105danej tre\\u015bci. Spr\\u00f3buj ponownie p\\u00f3\\u017aniej.&quot;,&quot;PLAY_START&quot;:&quot;Rozpocznij pokaz slajd\\u00f3w&quot;,&quot;PLAY_STOP&quot;:&quot;Zatrzymaj pokaz slajd\\u00f3w&quot;,&quot;FULL_SCREEN&quot;:&quot;Pe\\u0142ny ekran&quot;,&quot;THUMBS&quot;:&quot;Miniatury&quot;,&quot;DOWNLOAD&quot;:&quot;Pobieranie&quot;,&quot;SHARE&quot;:&quot;Udost\\u0119pnij&quot;,&quot;ZOOM&quot;:&quot;Powi\\u0119kszenie&quot;,&quot;EMAIL&quot;:&quot;Here is the link to the image : %%image_link%% and this is the link to the gallery : %%gallery_link%%&quot;,&quot;MODAL&quot;:&quot;Mo\\u017cesz zamkn\\u0105\\u0107 t\\u0119 zawarto\\u015b\\u0107 okna modalnego za pomoc\\u0105 klawisza ESC&quot;,&quot;ERROR&quot;:&quot;Co\\u015b posz\\u0142o nie tak. Prosz\\u0119 spr\\u00f3bowa\\u0107 p\\u00f3\\u017aniej.&quot;,&quot;IMAGE_ERROR&quot;:&quot;Nie znaleziono obrazka&quot;,&quot;ELEMENT_NOT_FOUND&quot;:&quot;Nie znaleziono elementu HTML&quot;,&quot;AJAX_NOT_FOUND&quot;:&quot;B\\u0142\\u0105d \\u0142adowania AJAX: Nie znaleziono&quot;,&quot;AJAX_FORBIDDEN&quot;:&quot;B\\u0142\\u0105d \\u0142adowania AJAX: Zabronione&quot;,&quot;IFRAME_ERROR&quot;:&quot;B\\u0142\\u0105d \\u0142adowania strony&quot;,&quot;TOGGLE_ZOOM&quot;:&quot;Prze\\u0142\\u0105cz poziom powi\\u0119kszenia&quot;,&quot;TOGGLE_THUMBS&quot;:&quot;Prze\\u0142\\u0105cz miniaturki&quot;,&quot;TOGGLE_SLIDESHOW&quot;:&quot;Prze\\u0142\\u0105cz pokaz slajd\\u00f3w&quot;,&quot;TOGGLE_FULLSCREEN&quot;:&quot;Prze\\u0142\\u0105cz tryb pe\\u0142noekranowy&quot;},&quot;Images&quot;:{&quot;Panzoom&quot;:{&quot;maxScale&quot;:2}},&quot;mainClass&quot;:&quot;modula-fancybox-container modula-lightbox-jtg-251&quot;,&quot;Html&quot;:{&quot;videoAutoplay&quot;:0,&quot;videoTpl&quot;:&quot;&lt;video class=\\&quot;fancybox__html5video\\&quot; controls muted playsinline controlsList controlsList=\\&quot;nodownload\\&quot; poster=\\&quot;{{poster}}\\&quot; src=\\&quot;{{src}}\\&quot; type=\\&quot;{{format}}\\&quot; &gt;  Sorry, your browser doesn&#039;t support embedded videos, &lt;a href=\\&quot;{{src}}\\&quot;&gt; download &lt;\\\/a&gt; and watch with your favorite video player! &lt;\\\/video&gt;&quot;}},&quot;inView&quot;:false,&quot;email_subject&quot;:&quot;Sprawd\\u017a ten niesamowity obrazek!&quot;,&quot;email_message&quot;:&quot;Oto odno\\u015bnik do obrazku: %%image_link%%, a to odno\\u015bnik do galerii: %%gallery_link%%&quot;,&quot;lightbox&quot;:&quot;fancybox&quot;}\">\n\n\t\n\t<div  class=\"modula-items\">\n\t\t<div class=\"modula-item effect-pufrobo\" >\n\t<div class=\"modula-item-overlay\"><\/div>\n\n\t<div class=\"modula-item-content\">\n\n\t\t<a data-image-id=\"240\" role=\"button\" data-elementor-open-lightbox=\"no\" tabindex=\"0\" rel=\"jtg-251\" data-caption=\"\" aria-label=\"Otw\u00f3rz obrazek w Wy\u015bwietlarce\" class=\"tile-inner modula-item-link\"><\/a><img fetchpriority=\"high\" decoding=\"async\" class=\"pic wp-image-240\"  data-valign=\"middle\" data-halign=\"center\" alt=\"\" data-full=\"https:\/\/niemy.art\/wp-content\/uploads\/2024\/07\/IMG-20240707-WA0001-1-1-1.jpg\" title=\"IMG-20240707-WA0001-1-1\" crop=\"\" width=\"1600\" height=\"1204\" src=\"https:\/\/niemy.art\/wp-content\/uploads\/2024\/07\/IMG-20240707-WA0001-1-1-1.jpg\" data-src=\"https:\/\/niemy.art\/wp-content\/uploads\/2024\/07\/IMG-20240707-WA0001-1-1-1.jpg\" data-caption=\"\" srcset=\"https:\/\/niemy.art\/wp-content\/uploads\/2024\/07\/IMG-20240707-WA0001-1-1-1.jpg 1600w, https:\/\/niemy.art\/wp-content\/uploads\/2024\/07\/IMG-20240707-WA0001-1-1-1-300x226.jpg 300w, https:\/\/niemy.art\/wp-content\/uploads\/2024\/07\/IMG-20240707-WA0001-1-1-1-1024x771.jpg 1024w, https:\/\/niemy.art\/wp-content\/uploads\/2024\/07\/IMG-20240707-WA0001-1-1-1-768x578.jpg 768w, https:\/\/niemy.art\/wp-content\/uploads\/2024\/07\/IMG-20240707-WA0001-1-1-1-1536x1156.jpg 1536w, https:\/\/niemy.art\/wp-content\/uploads\/2024\/07\/IMG-20240707-WA0001-1-1-1-877x660.jpg 877w, https:\/\/niemy.art\/wp-content\/uploads\/2024\/07\/IMG-20240707-WA0001-1-1-1-606x455.jpg 606w\" sizes=\"(max-width: 1600px) 100vw, 1600px\" \/>\n\t\t<div class=\"figc no-description\">\n\t\t\t<div class=\"figc-inner\">\n\t\t\t\t\t\t\t\t\t\t\t\t\t\t\t<\/div>\n\t\t<\/div>\n\n\t<\/div>\n\n<\/div><div class=\"modula-item effect-pufrobo\" >\n\t<div class=\"modula-item-overlay\"><\/div>\n\n\t<div class=\"modula-item-content\">\n\n\t\t<a data-image-id=\"100\" role=\"button\" data-elementor-open-lightbox=\"no\" tabindex=\"0\" rel=\"jtg-251\" data-caption=\"\" aria-label=\"Otw\u00f3rz obrazek w Wy\u015bwietlarce\" class=\"tile-inner modula-item-link\"><\/a><img decoding=\"async\" class=\"pic wp-image-100\"  data-valign=\"middle\" data-halign=\"center\" alt=\"\" data-full=\"https:\/\/niemy.art\/wp-content\/uploads\/2024\/04\/cropped-foto-2.jpg\" title=\"cropped-foto-2.jpg\" crop=\"\" width=\"961\" height=\"961\" src=\"https:\/\/niemy.art\/wp-content\/uploads\/2024\/04\/cropped-foto-2.jpg\" data-src=\"https:\/\/niemy.art\/wp-content\/uploads\/2024\/04\/cropped-foto-2.jpg\" data-caption=\"\" srcset=\"https:\/\/niemy.art\/wp-content\/uploads\/2024\/04\/cropped-foto-2.jpg 961w, https:\/\/niemy.art\/wp-content\/uploads\/2024\/04\/cropped-foto-2-300x300.jpg 300w, https:\/\/niemy.art\/wp-content\/uploads\/2024\/04\/cropped-foto-2-150x150.jpg 150w, https:\/\/niemy.art\/wp-content\/uploads\/2024\/04\/cropped-foto-2-768x768.jpg 768w, https:\/\/niemy.art\/wp-content\/uploads\/2024\/04\/cropped-foto-2-660x660.jpg 660w, https:\/\/niemy.art\/wp-content\/uploads\/2024\/04\/cropped-foto-2-50x50.jpg 50w, https:\/\/niemy.art\/wp-content\/uploads\/2024\/04\/cropped-foto-2-606x606.jpg 606w\" sizes=\"(max-width: 961px) 100vw, 961px\" \/>\n\t\t<div class=\"figc no-description\">\n\t\t\t<div class=\"figc-inner\">\n\t\t\t\t\t\t\t\t\t\t\t\t\t\t\t<\/div>\n\t\t<\/div>\n\n\t<\/div>\n\n<\/div><div class=\"modula-item effect-pufrobo\" >\n\t<div class=\"modula-item-overlay\"><\/div>\n\n\t<div class=\"modula-item-content\">\n\n\t\t<a data-image-id=\"85\" role=\"button\" data-elementor-open-lightbox=\"no\" tabindex=\"0\" rel=\"jtg-251\" data-caption=\"\" aria-label=\"Otw\u00f3rz obrazek w Wy\u015bwietlarce\" class=\"tile-inner modula-item-link\"><\/a><img decoding=\"async\" class=\"pic wp-image-85\"  data-valign=\"middle\" data-halign=\"center\" alt=\"\" data-full=\"https:\/\/niemy.art\/wp-content\/uploads\/2024\/05\/foto-3.png\" title=\"foto 3\" crop=\"\" width=\"704\" height=\"573\" src=\"https:\/\/niemy.art\/wp-content\/uploads\/2024\/05\/foto-3.png\" data-src=\"https:\/\/niemy.art\/wp-content\/uploads\/2024\/05\/foto-3.png\" data-caption=\"\" srcset=\"https:\/\/niemy.art\/wp-content\/uploads\/2024\/05\/foto-3.png 704w, https:\/\/niemy.art\/wp-content\/uploads\/2024\/05\/foto-3-300x244.png 300w\" sizes=\"(max-width: 704px) 100vw, 704px\" \/>\n\t\t<div class=\"figc no-description\">\n\t\t\t<div class=\"figc-inner\">\n\t\t\t\t\t\t\t\t\t\t\t\t\t\t\t<\/div>\n\t\t<\/div>\n\n\t<\/div>\n\n<\/div><div class=\"modula-item effect-pufrobo\" >\n\t<div class=\"modula-item-overlay\"><\/div>\n\n\t<div class=\"modula-item-content\">\n\n\t\t<a data-image-id=\"84\" role=\"button\" data-elementor-open-lightbox=\"no\" tabindex=\"0\" rel=\"jtg-251\" data-caption=\"\" aria-label=\"Otw\u00f3rz obrazek w Wy\u015bwietlarce\" class=\"tile-inner modula-item-link\"><\/a><img loading=\"lazy\" decoding=\"async\" class=\"pic wp-image-84\"  data-valign=\"middle\" data-halign=\"center\" alt=\"\" data-full=\"https:\/\/niemy.art\/wp-content\/uploads\/2024\/05\/foto-5.jpg\" title=\"foto 5\" crop=\"\" width=\"2048\" height=\"1537\" src=\"https:\/\/niemy.art\/wp-content\/uploads\/2024\/05\/foto-5.jpg\" data-src=\"https:\/\/niemy.art\/wp-content\/uploads\/2024\/05\/foto-5.jpg\" data-caption=\"\" srcset=\"https:\/\/niemy.art\/wp-content\/uploads\/2024\/05\/foto-5.jpg 2048w, https:\/\/niemy.art\/wp-content\/uploads\/2024\/05\/foto-5-300x225.jpg 300w, https:\/\/niemy.art\/wp-content\/uploads\/2024\/05\/foto-5-1024x769.jpg 1024w, https:\/\/niemy.art\/wp-content\/uploads\/2024\/05\/foto-5-768x576.jpg 768w, https:\/\/niemy.art\/wp-content\/uploads\/2024\/05\/foto-5-1536x1153.jpg 1536w, https:\/\/niemy.art\/wp-content\/uploads\/2024\/05\/foto-5-879x660.jpg 879w, https:\/\/niemy.art\/wp-content\/uploads\/2024\/05\/foto-5-606x455.jpg 606w, https:\/\/niemy.art\/wp-content\/uploads\/2024\/05\/foto-5-730x547.jpg 730w\" sizes=\"(max-width: 2048px) 100vw, 2048px\" \/>\n\t\t<div class=\"figc no-description\">\n\t\t\t<div class=\"figc-inner\">\n\t\t\t\t\t\t\t\t\t\t\t\t\t\t\t<\/div>\n\t\t<\/div>\n\n\t<\/div>\n\n<\/div><div class=\"modula-item effect-pufrobo\" >\n\t<div class=\"modula-item-overlay\"><\/div>\n\n\t<div class=\"modula-item-content\">\n\n\t\t<a data-image-id=\"83\" role=\"button\" data-elementor-open-lightbox=\"no\" tabindex=\"0\" rel=\"jtg-251\" data-caption=\"\" aria-label=\"Otw\u00f3rz obrazek w Wy\u015bwietlarce\" class=\"tile-inner modula-item-link\"><\/a><img loading=\"lazy\" decoding=\"async\" class=\"pic wp-image-83\"  data-valign=\"middle\" data-halign=\"center\" alt=\"\" data-full=\"https:\/\/niemy.art\/wp-content\/uploads\/2024\/05\/foto-6.jpg\" title=\"foto 6\" crop=\"\" width=\"966\" height=\"682\" src=\"https:\/\/niemy.art\/wp-content\/uploads\/2024\/05\/foto-6.jpg\" data-src=\"https:\/\/niemy.art\/wp-content\/uploads\/2024\/05\/foto-6.jpg\" data-caption=\"\" srcset=\"https:\/\/niemy.art\/wp-content\/uploads\/2024\/05\/foto-6.jpg 966w, https:\/\/niemy.art\/wp-content\/uploads\/2024\/05\/foto-6-300x212.jpg 300w, https:\/\/niemy.art\/wp-content\/uploads\/2024\/05\/foto-6-768x542.jpg 768w, https:\/\/niemy.art\/wp-content\/uploads\/2024\/05\/foto-6-935x660.jpg 935w\" sizes=\"(max-width: 966px) 100vw, 966px\" \/>\n\t\t<div class=\"figc no-description\">\n\t\t\t<div class=\"figc-inner\">\n\t\t\t\t\t\t\t\t\t\t\t\t\t\t\t<\/div>\n\t\t<\/div>\n\n\t<\/div>\n\n<\/div><div class=\"modula-item effect-pufrobo\" >\n\t<div class=\"modula-item-overlay\"><\/div>\n\n\t<div class=\"modula-item-content\">\n\n\t\t<a data-image-id=\"81\" role=\"button\" data-elementor-open-lightbox=\"no\" tabindex=\"0\" rel=\"jtg-251\" data-caption=\"\" aria-label=\"Otw\u00f3rz obrazek w Wy\u015bwietlarce\" class=\"tile-inner modula-item-link\"><\/a><img loading=\"lazy\" decoding=\"async\" class=\"pic wp-image-81\"  data-valign=\"middle\" data-halign=\"center\" alt=\"\" data-full=\"https:\/\/niemy.art\/wp-content\/uploads\/2024\/05\/foto1.jpg\" title=\"foto1\" crop=\"\" width=\"600\" height=\"450\" src=\"https:\/\/niemy.art\/wp-content\/uploads\/2024\/05\/foto1.jpg\" data-src=\"https:\/\/niemy.art\/wp-content\/uploads\/2024\/05\/foto1.jpg\" data-caption=\"\" srcset=\"https:\/\/niemy.art\/wp-content\/uploads\/2024\/05\/foto1.jpg 600w, https:\/\/niemy.art\/wp-content\/uploads\/2024\/05\/foto1-300x225.jpg 300w\" sizes=\"(max-width: 600px) 100vw, 600px\" \/>\n\t\t<div class=\"figc no-description\">\n\t\t\t<div class=\"figc-inner\">\n\t\t\t\t\t\t\t\t\t\t\t\t\t\t\t<\/div>\n\t\t<\/div>\n\n\t<\/div>\n\n<\/div><div class=\"modula-item effect-pufrobo\" >\n\t<div class=\"modula-item-overlay\"><\/div>\n\n\t<div class=\"modula-item-content\">\n\n\t\t<a data-image-id=\"196\" role=\"button\" data-elementor-open-lightbox=\"no\" tabindex=\"0\" rel=\"jtg-251\" data-caption=\"\" aria-label=\"Otw\u00f3rz obrazek w Wy\u015bwietlarce\" class=\"tile-inner modula-item-link\"><\/a><img loading=\"lazy\" decoding=\"async\" class=\"pic wp-image-196\"  data-valign=\"middle\" data-halign=\"center\" alt=\"\" data-full=\"https:\/\/niemy.art\/wp-content\/uploads\/2024\/06\/biala-dama.jpg\" title=\"bia\u0142a dama\" crop=\"\" width=\"1141\" height=\"557\" src=\"https:\/\/niemy.art\/wp-content\/uploads\/2024\/06\/biala-dama.jpg\" data-src=\"https:\/\/niemy.art\/wp-content\/uploads\/2024\/06\/biala-dama.jpg\" data-caption=\"\" srcset=\"https:\/\/niemy.art\/wp-content\/uploads\/2024\/06\/biala-dama.jpg 1141w, https:\/\/niemy.art\/wp-content\/uploads\/2024\/06\/biala-dama-300x146.jpg 300w, https:\/\/niemy.art\/wp-content\/uploads\/2024\/06\/biala-dama-1024x500.jpg 1024w, https:\/\/niemy.art\/wp-content\/uploads\/2024\/06\/biala-dama-768x375.jpg 768w, https:\/\/niemy.art\/wp-content\/uploads\/2024\/06\/biala-dama-990x483.jpg 990w\" sizes=\"(max-width: 1141px) 100vw, 1141px\" \/>\n\t\t<div class=\"figc no-description\">\n\t\t\t<div class=\"figc-inner\">\n\t\t\t\t\t\t\t\t\t\t\t\t\t\t\t<\/div>\n\t\t<\/div>\n\n\t<\/div>\n\n<\/div><div class=\"modula-item effect-pufrobo\" >\n\t<div class=\"modula-item-overlay\"><\/div>\n\n\t<div class=\"modula-item-content\">\n\n\t\t<a data-image-id=\"246\" role=\"button\" data-elementor-open-lightbox=\"no\" tabindex=\"0\" rel=\"jtg-251\" data-caption=\"\" aria-label=\"Otw\u00f3rz obrazek w Wy\u015bwietlarce\" class=\"tile-inner modula-item-link\"><\/a><img loading=\"lazy\" decoding=\"async\" class=\"pic wp-image-246\"  data-valign=\"middle\" data-halign=\"center\" alt=\"\" data-full=\"https:\/\/niemy.art\/wp-content\/uploads\/2024\/09\/IMG-20240910-WA0002.jpg\" title=\"IMG-20240910-WA0002\" crop=\"\" width=\"1440\" height=\"720\" src=\"https:\/\/niemy.art\/wp-content\/uploads\/2024\/09\/IMG-20240910-WA0002.jpg\" data-src=\"https:\/\/niemy.art\/wp-content\/uploads\/2024\/09\/IMG-20240910-WA0002.jpg\" data-caption=\"\" srcset=\"https:\/\/niemy.art\/wp-content\/uploads\/2024\/09\/IMG-20240910-WA0002.jpg 1440w, https:\/\/niemy.art\/wp-content\/uploads\/2024\/09\/IMG-20240910-WA0002-300x150.jpg 300w, https:\/\/niemy.art\/wp-content\/uploads\/2024\/09\/IMG-20240910-WA0002-1024x512.jpg 1024w, https:\/\/niemy.art\/wp-content\/uploads\/2024\/09\/IMG-20240910-WA0002-768x384.jpg 768w, https:\/\/niemy.art\/wp-content\/uploads\/2024\/09\/IMG-20240910-WA0002-990x495.jpg 990w\" sizes=\"(max-width: 1440px) 100vw, 1440px\" \/>\n\t\t<div class=\"figc no-description\">\n\t\t\t<div class=\"figc-inner\">\n\t\t\t\t\t\t\t\t\t\t\t\t\t\t\t<\/div>\n\t\t<\/div>\n\n\t<\/div>\n\n<\/div><div class=\"modula-item effect-pufrobo\" >\n\t<div class=\"modula-item-overlay\"><\/div>\n\n\t<div class=\"modula-item-content\">\n\n\t\t<a data-image-id=\"301\" role=\"button\" data-elementor-open-lightbox=\"no\" tabindex=\"0\" rel=\"jtg-251\" data-caption=\"\" aria-label=\"Otw\u00f3rz obrazek w Wy\u015bwietlarce\" class=\"tile-inner modula-item-link\"><\/a><img loading=\"lazy\" decoding=\"async\" class=\"pic wp-image-301\"  data-valign=\"middle\" data-halign=\"center\" alt=\"\" data-full=\"https:\/\/niemy.art\/wp-content\/uploads\/2025\/05\/IMG-20250510-WA0000-1.jpg\" title=\"IMG-20250510-WA0000\" crop=\"\" width=\"495\" height=\"694\" src=\"https:\/\/niemy.art\/wp-content\/uploads\/2025\/05\/IMG-20250510-WA0000-1.jpg\" data-src=\"https:\/\/niemy.art\/wp-content\/uploads\/2025\/05\/IMG-20250510-WA0000-1.jpg\" data-caption=\"\" srcset=\"https:\/\/niemy.art\/wp-content\/uploads\/2025\/05\/IMG-20250510-WA0000-1.jpg 495w, https:\/\/niemy.art\/wp-content\/uploads\/2025\/05\/IMG-20250510-WA0000-1-214x300.jpg 214w, https:\/\/niemy.art\/wp-content\/uploads\/2025\/05\/IMG-20250510-WA0000-1-471x660.jpg 471w\" sizes=\"(max-width: 495px) 100vw, 495px\" \/>\n\t\t<div class=\"figc no-description\">\n\t\t\t<div class=\"figc-inner\">\n\t\t\t\t\t\t\t\t\t\t\t\t\t\t\t<\/div>\n\t\t<\/div>\n\n\t<\/div>\n\n<\/div><div class=\"modula-item effect-pufrobo\" >\n\t<div class=\"modula-item-overlay\"><\/div>\n\n\t<div class=\"modula-item-content\">\n\n\t\t<a data-image-id=\"303\" role=\"button\" data-elementor-open-lightbox=\"no\" tabindex=\"0\" rel=\"jtg-251\" data-caption=\"\" aria-label=\"Otw\u00f3rz obrazek w Wy\u015bwietlarce\" class=\"tile-inner modula-item-link\"><\/a><img loading=\"lazy\" decoding=\"async\" class=\"pic wp-image-303\"  data-valign=\"middle\" data-halign=\"center\" alt=\"\" data-full=\"https:\/\/niemy.art\/wp-content\/uploads\/2025\/10\/IMG-20251004-WA0001.jpg\" title=\"IMG-20251004-WA0001\" crop=\"\" width=\"720\" height=\"394\" src=\"https:\/\/niemy.art\/wp-content\/uploads\/2025\/10\/IMG-20251004-WA0001.jpg\" data-src=\"https:\/\/niemy.art\/wp-content\/uploads\/2025\/10\/IMG-20251004-WA0001.jpg\" data-caption=\"\" srcset=\"https:\/\/niemy.art\/wp-content\/uploads\/2025\/10\/IMG-20251004-WA0001.jpg 720w, https:\/\/niemy.art\/wp-content\/uploads\/2025\/10\/IMG-20251004-WA0001-300x164.jpg 300w\" sizes=\"(max-width: 720px) 100vw, 720px\" \/>\n\t\t<div class=\"figc no-description\">\n\t\t\t<div class=\"figc-inner\">\n\t\t\t\t\t\t\t\t\t\t\t\t\t\t\t<\/div>\n\t\t<\/div>\n\n\t<\/div>\n\n<\/div><div class=\"modula-item effect-pufrobo\" >\n\t<div class=\"modula-item-overlay\"><\/div>\n\n\t<div class=\"modula-item-content\">\n\n\t\t<a data-image-id=\"304\" role=\"button\" data-elementor-open-lightbox=\"no\" tabindex=\"0\" rel=\"jtg-251\" data-caption=\"\" aria-label=\"Otw\u00f3rz obrazek w Wy\u015bwietlarce\" class=\"tile-inner modula-item-link\"><\/a><img loading=\"lazy\" decoding=\"async\" class=\"pic wp-image-304\"  data-valign=\"middle\" data-halign=\"center\" alt=\"\" data-full=\"https:\/\/niemy.art\/wp-content\/uploads\/2025\/10\/IMG-20251004-WA0005.jpg\" title=\"IMG-20251004-WA0005\" crop=\"\" width=\"720\" height=\"403\" src=\"https:\/\/niemy.art\/wp-content\/uploads\/2025\/10\/IMG-20251004-WA0005.jpg\" data-src=\"https:\/\/niemy.art\/wp-content\/uploads\/2025\/10\/IMG-20251004-WA0005.jpg\" data-caption=\"\" srcset=\"https:\/\/niemy.art\/wp-content\/uploads\/2025\/10\/IMG-20251004-WA0005.jpg 720w, https:\/\/niemy.art\/wp-content\/uploads\/2025\/10\/IMG-20251004-WA0005-300x168.jpg 300w\" sizes=\"(max-width: 720px) 100vw, 720px\" \/>\n\t\t<div class=\"figc no-description\">\n\t\t\t<div class=\"figc-inner\">\n\t\t\t\t\t\t\t\t\t\t\t\t\t\t\t<\/div>\n\t\t<\/div>\n\n\t<\/div>\n\n<\/div>\t\t\n\t<\/div>\n\n\t\n\t\n\t<script type=\"application\/ld+json\">\n\t{\n\t\t\"@context\": \"http:\/\/schema.org\",\n\t\t\"@type\"   : \"ImageGallery\",\n\t\t\"id\"      : \"https:\/\/niemy.art\/index.php\/nagrania-filmy-zdjecia\/\",\n\t\t\"url\"     : \"https:\/\/niemy.art\/index.php\/nagrania-filmy-zdjecia\/\"\n\t}\n\n\t<\/script>\n\n\t\n<\/div>\n<\/p>\n<p><!-- \/wp:shortcode --><\/p>\t\t\t\t\t\t\t\t<\/div>\n\t\t\t\t<\/div>\n\t\t\t\t\t<\/div>\n\t\t\t\t<\/div>\n\t\t\t\t<\/div>\n\t\t","protected":false},"excerpt":{"rendered":"<p>Nagrania koncertowe Kiedy by\u0142em ma\u0142ym ch\u0142opcem My way Dzieci Sancheza Nie szukajmy nie Summer time \u00a0 Nagrane spontanicznie &#8211; kameralnie &hellip; <a href=\"https:\/\/niemy.art\/index.php\/nagrania-filmy-zdjecia\/\" class=\"more-link\"><span class=\"more-button\">Continue Reading<span class=\"screen-reader-text\">Nagrania, filmy, zdj\u0119cia<\/span><\/span><\/a><\/p>\n","protected":false},"author":1,"featured_media":0,"parent":0,"menu_order":4,"comment_status":"closed","ping_status":"closed","template":"","meta":{"footnotes":""},"class_list":["post-73","page","type-page","status-publish","hentry"],"_links":{"self":[{"href":"https:\/\/niemy.art\/index.php\/wp-json\/wp\/v2\/pages\/73","targetHints":{"allow":["GET"]}}],"collection":[{"href":"https:\/\/niemy.art\/index.php\/wp-json\/wp\/v2\/pages"}],"about":[{"href":"https:\/\/niemy.art\/index.php\/wp-json\/wp\/v2\/types\/page"}],"author":[{"embeddable":true,"href":"https:\/\/niemy.art\/index.php\/wp-json\/wp\/v2\/users\/1"}],"replies":[{"embeddable":true,"href":"https:\/\/niemy.art\/index.php\/wp-json\/wp\/v2\/comments?post=73"}],"version-history":[{"count":88,"href":"https:\/\/niemy.art\/index.php\/wp-json\/wp\/v2\/pages\/73\/revisions"}],"predecessor-version":[{"id":254,"href":"https:\/\/niemy.art\/index.php\/wp-json\/wp\/v2\/pages\/73\/revisions\/254"}],"wp:attachment":[{"href":"https:\/\/niemy.art\/index.php\/wp-json\/wp\/v2\/media?parent=73"}],"curies":[{"name":"wp","href":"https:\/\/api.w.org\/{rel}","templated":true}]}}